{"id":9,"date":"2019-09-07T11:31:48","date_gmt":"2019-09-07T11:31:48","guid":{"rendered":"http:\/\/www.ismailkahraman.net\/?page_id=9"},"modified":"2022-02-22T12:22:38","modified_gmt":"2022-02-22T12:22:38","slug":"hakkimizda","status":"publish","type":"page","link":"https:\/\/www.ismailkahraman.net\/?page_id=9","title":{"rendered":"HAKKIMIZDA"},"content":{"rendered":"\n<p>Tarih nedir? Ve Tarihten ne anlamam\u0131z gerekiyor?&nbsp;&nbsp;Sorusuyla yaz\u0131ma ba\u015flamak istiyorum. Tarihle ilgili bir\u00e7ok \u015fey s\u00f6ylenebilir. Herkes farkl\u0131 \u015feyler anlay\u0131p ve anlatabilir. Ancak tarih sadece ge\u00e7mi\u015f de\u011fil ve gelecektir. Tarih bir milletin aynas\u0131 ve varl\u0131k sebebidir. Otuz be\u015f y\u0131ll\u0131k gazetecilik hayat\u0131mda beni en \u00e7ok keyiflendiren tarih ve k\u00fclt\u00fcr ara\u015ft\u0131rmalar\u0131 ile ilgili belgesel, haber, \u00e7al\u0131\u015fmalar\u0131m oldu.<\/p>\n\n\n\n<p>Otuz be\u015f y\u0131ll\u0131k gazetecilik hayat\u0131mda yazd\u0131\u011f\u0131m t\u00fcm haber ve yaz\u0131lar\u0131 i\u00e7eren Otuz y\u0131ll\u0131k gazete ar\u015fivimizin t\u00fcm say\u0131lar\u0131n\u0131 tek tek ciltleyerek adeta Gebze\u2019nin 30 y\u0131ll\u0131k ge\u00e7mi\u015finin bilgi ve belgelerini ar\u015fivlemi\u015f olduk. Kendimi bildi\u011fim 45 y\u0131l i\u00e7erisinde sat\u0131n ald\u0131\u011f\u0131m kitaplar bilgi ve belge dok\u00fcmanlar\u0131 tek tek tasnif ederek binlerce kitap ve dok\u00fcman\u0131n yer ald\u0131\u011f\u0131 b\u00fcy\u00fck bir k\u00fct\u00fcphane olu\u015fturduk.<\/p>\n\n\n\n<p>K\u00fct\u00fcphanemizde yer alan ve kitap ve belgelerin tek tek tasnifini Gebze\u2019nin yeti\u015ftirdi\u011fi de\u011ferli akademisyenlerden Alper \u0130smail Bi\u00e7er \u00fczerinde ciddi \u00e7al\u0131\u015fma yaparak k\u00fct\u00fcphanemizde ara\u015ft\u0131rmac\u0131lar\u0131n bilgisine sundu. \u0130lim K\u00fclt\u00fcr ve tarih ara\u015ft\u0131rmalar\u0131 merkezi ad\u0131yla 100m2 kare yer \u00fczerinde ara\u015ft\u0131rmac\u0131lar\u0131n \u00e7al\u0131\u015fma yapaca\u011f\u0131 k\u00fct\u00fcphanemiz \u015fu an a\u00e7\u0131k olup halk\u0131n ve kitapseverlerin hizmetine sunulmu\u015ftur.<\/p>\n\n\n\n<p>Ayr\u0131ca \u0130lim K\u00fclt\u00fcr Tarih Ara\u015ft\u0131rmalar\u0131 Merkezi (\u0130KTAV) k\u00fct\u00fcphanemiz sanal ortama da ta\u015f\u0131narak isteyenler sanal ortam \u00fczerinden k\u00fct\u00fcphanemiz yay\u0131nlar\u0131ndan yararlanma imk\u00e2n\u0131na sahip olacak. Bu y\u00f6nden \u00e7al\u0131\u015fmalar\u0131m\u0131z s\u00fcr\u00fcyor.<\/p>\n\n\n\n<p><strong>B\u0130NLERCE BELGESEL AR\u015e\u0130V\u0130<\/strong><\/p>\n\n\n\n<p>K\u00fct\u00fcphanemizde sadece gazete, kitap ar\u015fivi de\u011fil T\u00fcrkiye\u2019nin bir\u00e7ok \u0130li d\u00fcnyan\u0131n 75 \u00fclkesi ile ilgili \u00e7ekti\u011fimiz belgesel g\u00f6r\u00fcnt\u00fcler toplad\u0131\u011f\u0131m\u0131z belge ve bilgiler ile video ve foto\u011fraflar\u0131 ar\u015fivleyerek \u00f6nemli k\u00fclt\u00fcr \u00e7al\u0131\u015fmas\u0131na \u00f6nc\u00fcl\u00fck etmeye \u00e7al\u0131\u015ft\u0131k. Bug\u00fcn bu ar\u015fivlerimizin tanzim ve tasnifi devam ediyor. Belgesellerin ar\u015fiv listesini \u00f6n\u00fcm\u00fczdeki g\u00fcnlerde ara\u015ft\u0131rmac\u0131lar\u0131n bilgisine sunaca\u011f\u0131z.<\/p>\n\n\n\n<p><strong>KOCAEL\u0130\u2019N\u0130N K\u00dcLT\u00dcR HAFIZASI<\/strong><\/p>\n\n\n\n<p>Belgesel Yay\u0131nc\u0131l\u0131k Devr-i Alem Belgesel TV Program\u0131 ve&nbsp; Gebze Gazetesi b\u00fcnyesinde faaliyet g\u00f6steren \u0130lim K\u00fclt\u00fcr Tarih Ara\u015ft\u0131rmalar\u0131 Merkezi k\u00fct\u00fcphanesi, Kocaeli ve il\u00e7eleri ile ilgili yay\u0131nlanan bir\u00e7ok kitap ve dok\u00fcman\u0131 toplayarak ar\u015fivledi. Kocaeli\u2019nin adeta k\u00fclt\u00fcr haf\u0131zas\u0131 olan kitap ve dok\u00fcmanlar \u0130KTAV k\u00fct\u00fcphanesinde ara\u015ft\u0131rmac\u0131lar\u0131n istifadesine sunuldu.<\/p>\n\n\n\n<p>Kocaeli ve&nbsp;&nbsp;ba\u015fta Gebze olmak \u00fczere b\u00fct\u00fcn il\u00e7elerle ilgili 30 y\u0131ld\u0131r ara\u015ft\u0131rma ve \u00e7al\u0131\u015fma yaparak toplad\u0131\u011f\u0131m\u0131z kitaplar ve dok\u00fcmanlar Kocaeli\u2019nin k\u00fclt\u00fcr hayat\u0131nda da b\u00fcy\u00fck bir bo\u015flu\u011fu doldurdu. \u0130KTAV k\u00fct\u00fcphanesinde en \u00e7ok Gebze ve \u0130zmit b\u00f6lgesi ile ilgili kitap ve dok\u00fcman yer al\u0131yor.<\/p>\n\n\n\n<p>\u0130KTAV K\u00fct\u00fcphanesi\u2019ndeki KOCAEL\u0130 b\u00f6lgesi ile ilgili yer alan kitap ve dok\u00fcmanlar i\u00e7erisinde Gebze, \u0130zmit, Dar\u0131ca, Dilovas\u0131, \u00c7ay\u0131rova, K\u00f6rfez, Derince, G\u00f6lc\u00fck, Kartepe, Ba\u015fiskele, Karam\u00fcrsel ve Kand\u0131ra il\u00e7eleri ile ilgili \u00e7ok \u00f6nemli kitap, bilgi ve dok\u00fcman yer al\u0131yor.<\/p>\n\n\n\n<p>Tarih ve k\u00fclt\u00fcr ara\u015ft\u0131rmalar\u0131 \u00e7ok \u00f6nemli bir hizmet oldu\u011funa inand\u0131\u011f\u0131m\u0131z i\u00e7in bu zor me\u015fakkatli g\u00f6revi yapt\u0131\u011f\u0131m\u0131za inan\u0131yoruz. Bu konuda \u00e7al\u0131\u015fmalar\u0131m\u0131z daha da geni\u015fleyecek gelecekte bu \u00e7al\u0131\u015fmay\u0131 bir vak\u0131f haline getirerek \u0130lim ve K\u00fclt\u00fcr ara\u015ft\u0131rma merkezi \u0130KTAV\u2019I k\u00f6kl\u00fc bir kurulu\u015f haline getirece\u011fiz. D\u00fcnyada en b\u00fcy\u00fck zenginlik bilgiye sahip olmak. Bilginin kayna\u011f\u0131 da kitap ve k\u00fct\u00fcphanelerde. \u0130KTAV k\u00fct\u00fcphanesi T\u00fcm ara\u015ft\u0131rmac\u0131lar\u0131m\u0131z\u0131n hizmetinde. Ke\u015fke herkes bu t\u00fcr k\u00fclt\u00fcrel \u00e7al\u0131\u015fmalar yaparak kubbede ho\u015f seda b\u0131rakabilseler.<\/p>\n","protected":false},"excerpt":{"rendered":"<p>Tarih nedir? Ve Tarihten ne anlamam\u0131z gerekiyor?&nbsp;&nbsp;Sorusuyla yaz\u0131ma ba\u015flamak istiyorum. Tarihle ilgili bir\u00e7ok \u015fey s\u00f6ylenebilir. Herkes farkl\u0131 \u015feyler anlay\u0131p ve anlatabilir. Ancak tarih sadece ge\u00e7mi\u015f de\u011fil ve gelecektir. Tarih bir milletin aynas\u0131 ve varl\u0131k sebebidir. Otuz be\u015f y\u0131ll\u0131k gazetecilik hayat\u0131mda beni en \u00e7ok keyiflendiren tarih ve k\u00fclt\u00fcr ara\u015ft\u0131rmalar\u0131 ile ilgili belgesel, haber, \u00e7al\u0131\u015fmalar\u0131m oldu. Otuz&hellip;<\/p>\n","protected":false},"author":1,"featured_media":0,"parent":0,"menu_order":0,"comment_status":"closed","ping_status":"closed","template":"","meta":{"footnotes":""},"class_list":["post-9","page","type-page","status-publish","hentry"],"_links":{"self":[{"href":"https:\/\/www.ismailkahraman.net\/index.php?rest_route=\/wp\/v2\/pages\/9","targetHints":{"allow":["GET"]}}],"collection":[{"href":"https:\/\/www.ismailkahraman.net\/index.php?rest_route=\/wp\/v2\/pages"}],"about":[{"href":"https:\/\/www.ismailkahraman.net\/index.php?rest_route=\/wp\/v2\/types\/page"}],"author":[{"embeddable":true,"href":"https:\/\/www.ismailkahraman.net\/index.php?rest_route=\/wp\/v2\/users\/1"}],"replies":[{"embeddable":true,"href":"https:\/\/www.ismailkahraman.net\/index.php?rest_route=%2Fwp%2Fv2%2Fcomments&post=9"}],"version-history":[{"count":4,"href":"https:\/\/www.ismailkahraman.net\/index.php?rest_route=\/wp\/v2\/pages\/9\/revisions"}],"predecessor-version":[{"id":171,"href":"https:\/\/www.ismailkahraman.net\/index.php?rest_route=\/wp\/v2\/pages\/9\/revisions\/171"}],"wp:attachment":[{"href":"https:\/\/www.ismailkahraman.net\/index.php?rest_route=%2Fwp%2Fv2%2Fmedia&parent=9"}],"curies":[{"name":"wp","href":"https:\/\/api.w.org\/{rel}","templated":true}]}}